{"id":137,"date":"2022-03-21T21:01:31","date_gmt":"2022-03-21T19:01:31","guid":{"rendered":"https:\/\/pargas.demo.sydweb.nu\/wp\/?page_id=137"},"modified":"2022-12-01T16:49:54","modified_gmt":"2022-12-01T14:49:54","slug":"bra-att-veta","status":"publish","type":"page","link":"https:\/\/arcgate.visitparainen.fi\/sv\/bra-att-veta\/","title":{"rendered":"Bra att veta"},"content":{"rendered":"<ul class=\"wp-block-latest-posts__list wp-block-latest-posts\"><li><a class=\"wp-block-latest-posts__post-title\" href=\"https:\/\/arcgate.visitparainen.fi\/sv\/2022\/03\/16\/allemansratt\/\">Allemansr\u00e4tt<\/a><div class=\"wp-block-latest-posts__post-full-content\"><!-- wp:paragraph -->\n<p>Allemansr\u00e4tten ger dig m\u00f6jlighet att r\u00f6ra dig ute i det fria, men ocks\u00e5 skyldighet att visa h\u00e4nsyn f\u00f6r natur och mark\u00e4gare.<\/p>\n<!-- \/wp:paragraph -->\n\n<!-- wp:paragraph -->\n<p>Till\u00e5tet att:<br>\u2022 vandra, \u00e5ka skidor, cykla<br>\u2022 vistas p\u00e5 s\u00e5dana platser d\u00e4r det ocks\u00e5 annars \u00e4r till\u00e5tet att r\u00f6ra sig (exempel: t\u00e4lta p\u00e5 tillr\u00e4ckligt avst\u00e5nd fr\u00e5n n\u00e4rmaste bebyggelse)<br>\u2022 plocka vilda b\u00e4r, svampar och icke-fridlysta blommor<br>\u2022 meta och pilka<\/p>\n<!-- \/wp:paragraph -->\n\n<!-- wp:paragraph -->\n<p>F\u00f6rbjudet att:<br>\u2022 skr\u00e4pa ner<br>\u2022 uppg\u00f6ra eld utan mark\u00e4garens tillst\u00e5nd<br>\u2022 st\u00f6ra eller orsaka ol\u00e4genheter eller skador f\u00f6r andra m\u00e4nniskor eller naturen<br>\u2022 st\u00f6ra vilda djur eller h\u00e4ckande f\u00e5glar<\/p>\n<!-- \/wp:paragraph --><\/div><\/li>\n<li><a class=\"wp-block-latest-posts__post-title\" href=\"https:\/\/arcgate.visitparainen.fi\/sv\/2022\/03\/16\/fiskelov\/\">Fiskelov<\/a><div class=\"wp-block-latest-posts__post-full-content\"><!-- wp:paragraph -->\n<p>F\u00f6r att f\u00e5 fiska i Finland ska vuxna betala en fiskev\u00e5rdsavgift f\u00f6r handredskapsfiske med ett sp\u00f6. Fiskelov kan k\u00f6pas i R-kioskerna, betalas via n\u00e4tbanken eller mobilen. Personer som \u00e4r under 18 \u00e5r eller har fyllt 65 \u00e5r beh\u00f6ver inte betala fiskev\u00e5rdsavgift. F\u00f6r att meta eller pimpla beh\u00f6vs inget lov.<\/p>\n<!-- \/wp:paragraph -->\n\n<!-- wp:paragraph -->\n<p>Till\u00e4ggsinformation om fiskelov och fiskeomr\u00e5den\u00a0<br>Er\u00e4luvat.fi<\/p>\n<!-- \/wp:paragraph -->\n\n<!-- wp:paragraph -->\n<p><\/p>\n<!-- \/wp:paragraph --><\/div><\/li>\n<li><a class=\"wp-block-latest-posts__post-title\" href=\"https:\/\/arcgate.visitparainen.fi\/sv\/2022\/03\/16\/gora-upp-oppen-eld\/\">G\u00f6ra upp \u00f6ppen eld<\/a><div class=\"wp-block-latest-posts__post-full-content\"><!-- wp:paragraph -->\n<p>L\u00e4gereld eller annan \u00f6ppen eld f\u00e5r inte g\u00f6ras upp under den tid f\u00f6r vilken Meteorologiska institutet har utf\u00e4rdat varning f\u00f6r skogsbrand eller gr\u00e4sbrand, eller om f\u00f6rh\u00e5llandena p\u00e5 grund av torka eller vind eller av n\u00e5gon annan orsak \u00e4r s\u00e5dana att risken f\u00f6r skogsbrand, gr\u00e4sbrand eller annan eldsv\u00e5da \u00e4r uppenbar. Kom ih\u00e5g att det \u00e4r f\u00f6rbjudet att g\u00f6ra upp eld utan mark\u00e4garens tillst\u00e5nd.<\/p>\n<!-- \/wp:paragraph -->\n\n<!-- wp:paragraph -->\n<p>Ilmatieteenlaitos.fi\/varningar<\/p>\n<!-- \/wp:paragraph --><\/div><\/li>\n<li><a class=\"wp-block-latest-posts__post-title\" href=\"https:\/\/arcgate.visitparainen.fi\/sv\/2022\/03\/16\/laddningsstationer-for-el-och-hybridbilar\/\">Laddningsstationer f\u00f6r el- och hybridbilar<\/a><div class=\"wp-block-latest-posts__post-full-content\"><!-- wp:paragraph -->\n<p>Allm\u00e4nna laddningspunkter f\u00f6r elbilar hittar du \u00e4ven hos oss ute i sk\u00e4rg\u00e5rden.<br>Pargas centrum, Nagu, Korpo, Houtsk\u00e4r och Ini\u00f6.<\/p>\n<!-- \/wp:paragraph -->\n\n<!-- wp:paragraph -->\n<p>Laddningspunkterna hittar du p\u00e5\u00a0<br>Latauskartta.fi<\/p>\n<!-- \/wp:paragraph --><\/div><\/li>\n<li><a class=\"wp-block-latest-posts__post-title\" href=\"https:\/\/arcgate.visitparainen.fi\/sv\/2022\/03\/16\/ta-hand-om-ditt-skrap\/\">Ta hand om ditt skr\u00e4p<\/a><div class=\"wp-block-latest-posts__post-full-content\"><!-- wp:paragraph -->\n<p>Se till att ditt skr\u00e4p inte hamnar i vattnet eller naturen. De vanligaste skr\u00e4p man st\u00f6ter p\u00e5 l\u00e4ngs de finl\u00e4ndska str\u00e4nderna \u00e4r plastskr\u00e4p och tobaksfimpar, som bryts ner till mikroplaster d\u00e5 de hamnar i vattendragen. \u00a0Det \u00e4r l\u00e4tt att sortera sitt skr\u00e4p \u00e4ven d\u00e5 man \u00e4r till havs. I HSR rf:s S\u00e4lle-stationer sorteras vanligen \u00e5tminstone glas-, metall- och pappersavfall. \u00c4ven bioavfall- och plast-insamlingarna har \u00f6kat.<\/p>\n<!-- \/wp:paragraph --><\/div><\/li>\n<li><a class=\"wp-block-latest-posts__post-title\" href=\"https:\/\/arcgate.visitparainen.fi\/sv\/2022\/03\/16\/vagar-trafik-och-farjor\/\">V\u00e4gar, trafik och f\u00e4rjor<\/a><div class=\"wp-block-latest-posts__post-full-content\"><!-- wp:paragraph -->\n<p>V\u00e4garna kan vara smalare \u00e4n vad du \u00e4r van vid, men s\u00e5 l\u00e4nge du f\u00f6ljer trafikreglerna \u00e4r det inga problem. Kom dock ih\u00e5g att v\u00e4gen delas av b\u00e5de bilister och cyklister, s\u00e5 respektera dina medtrafikanter och sakta in vid behov.<\/p>\n<!-- \/wp:paragraph -->\n\n<!-- wp:paragraph -->\n<p>Det finns regler p\u00e5 f\u00e4rjorna:<\/p>\n<!-- \/wp:paragraph -->\n\n<!-- wp:list {\"ordered\":true} -->\n<ol><li>F\u00f6lj personalens eller trafikljusens v\u00e4gledning<\/li><li>Stig inte ut ur bilen f\u00f6re f\u00e4rjans avg\u00e5ng<\/li><li>Dra \u00e5t handbromsen, sl\u00e4ck k\u00f6rljusen och st\u00e4ng av motorn<\/li><li>Parkera n\u00e4ra framf\u00f6rvarande bil, s\u00e5 att s\u00e5 m\u00e5nga bilar som m\u00f6jligt ryms med p\u00e5 f\u00e4rjan.<\/li><li>Se till att man kan l\u00e4mna fordonet \u00e5tminstone fr\u00e5n ena sidan.<\/li><\/ol>\n<!-- \/wp:list -->\n\n<!-- wp:paragraph -->\n<p>Till\u00e4ggsuppgifter: <a href=\"http:\/\/www.finferries.fi\/\">www.finferries.fi<\/a><\/p>\n<!-- \/wp:paragraph --><\/div><\/li>\n<\/ul>","protected":false},"excerpt":{"rendered":"","protected":false},"author":2,"featured_media":0,"parent":0,"menu_order":0,"comment_status":"closed","ping_status":"closed","template":"","meta":{"_uag_custom_page_level_css":"","footnotes":""},"class_list":["post-137","page","type-page","status-publish","hentry","entry"],"yoast_head":"<!-- This site is optimized with the Yoast SEO Premium plugin v27.2 (Yoast SEO v27.4) - https:\/\/yoast.com\/product\/yoast-seo-premium-wordpress\/ -->\n<title>Bra att veta - Arcgate<\/title>\n<meta name=\"robots\" content=\"index, follow, max-snippet:-1, max-image-preview:large, max-video-preview:-1\" \/>\n<link rel=\"canonical\" href=\"https:\/\/arcgate.visitparainen.fi\/sv\/bra-att-veta\/\" \/>\n<meta property=\"og:locale\" content=\"sv_SE\" \/>\n<meta property=\"og:type\" content=\"article\" \/>\n<meta property=\"og:title\" content=\"Bra att veta\" \/>\n<meta property=\"og:url\" content=\"https:\/\/arcgate.visitparainen.fi\/sv\/bra-att-veta\/\" \/>\n<meta property=\"og:site_name\" content=\"Arcgate\" \/>\n<meta property=\"article:modified_time\" content=\"2022-12-01T14:49:54+00:00\" \/>\n<meta name=\"twitter:card\" content=\"summary_large_image\" \/>\n<script type=\"application\/ld+json\" class=\"yoast-schema-graph\">{\"@context\":\"https:\\\/\\\/schema.org\",\"@graph\":[{\"@type\":\"WebPage\",\"@id\":\"https:\\\/\\\/arcgate.visitparainen.fi\\\/sv\\\/bra-att-veta\\\/\",\"url\":\"https:\\\/\\\/arcgate.visitparainen.fi\\\/sv\\\/bra-att-veta\\\/\",\"name\":\"Bra att veta - Arcgate\",\"isPartOf\":{\"@id\":\"https:\\\/\\\/arcgate.visitparainen.fi\\\/en\\\/#website\"},\"datePublished\":\"2022-03-21T19:01:31+00:00\",\"dateModified\":\"2022-12-01T14:49:54+00:00\",\"breadcrumb\":{\"@id\":\"https:\\\/\\\/arcgate.visitparainen.fi\\\/sv\\\/bra-att-veta\\\/#breadcrumb\"},\"inLanguage\":\"sv-SE\",\"potentialAction\":[{\"@type\":\"ReadAction\",\"target\":[\"https:\\\/\\\/arcgate.visitparainen.fi\\\/sv\\\/bra-att-veta\\\/\"]}]},{\"@type\":\"BreadcrumbList\",\"@id\":\"https:\\\/\\\/arcgate.visitparainen.fi\\\/sv\\\/bra-att-veta\\\/#breadcrumb\",\"itemListElement\":[{\"@type\":\"ListItem\",\"position\":1,\"name\":\"Home\",\"item\":\"https:\\\/\\\/arcgate.visitparainen.fi\\\/sv\\\/\"},{\"@type\":\"ListItem\",\"position\":2,\"name\":\"Bra att veta\"}]},{\"@type\":\"WebSite\",\"@id\":\"https:\\\/\\\/arcgate.visitparainen.fi\\\/en\\\/#website\",\"url\":\"https:\\\/\\\/arcgate.visitparainen.fi\\\/en\\\/\",\"name\":\"Arcgate\",\"description\":\"\",\"potentialAction\":[{\"@type\":\"SearchAction\",\"target\":{\"@type\":\"EntryPoint\",\"urlTemplate\":\"https:\\\/\\\/arcgate.visitparainen.fi\\\/en\\\/?s={search_term_string}\"},\"query-input\":{\"@type\":\"PropertyValueSpecification\",\"valueRequired\":true,\"valueName\":\"search_term_string\"}}],\"inLanguage\":\"sv-SE\"}]}<\/script>\n<!-- \/ Yoast SEO Premium plugin. -->","yoast_head_json":{"title":"Bra att veta - Arcgate","robots":{"index":"index","follow":"follow","max-snippet":"max-snippet:-1","max-image-preview":"max-image-preview:large","max-video-preview":"max-video-preview:-1"},"canonical":"https:\/\/arcgate.visitparainen.fi\/sv\/bra-att-veta\/","og_locale":"sv_SE","og_type":"article","og_title":"Bra att veta","og_url":"https:\/\/arcgate.visitparainen.fi\/sv\/bra-att-veta\/","og_site_name":"Arcgate","article_modified_time":"2022-12-01T14:49:54+00:00","twitter_card":"summary_large_image","schema":{"@context":"https:\/\/schema.org","@graph":[{"@type":"WebPage","@id":"https:\/\/arcgate.visitparainen.fi\/sv\/bra-att-veta\/","url":"https:\/\/arcgate.visitparainen.fi\/sv\/bra-att-veta\/","name":"Bra att veta - Arcgate","isPartOf":{"@id":"https:\/\/arcgate.visitparainen.fi\/en\/#website"},"datePublished":"2022-03-21T19:01:31+00:00","dateModified":"2022-12-01T14:49:54+00:00","breadcrumb":{"@id":"https:\/\/arcgate.visitparainen.fi\/sv\/bra-att-veta\/#breadcrumb"},"inLanguage":"sv-SE","potentialAction":[{"@type":"ReadAction","target":["https:\/\/arcgate.visitparainen.fi\/sv\/bra-att-veta\/"]}]},{"@type":"BreadcrumbList","@id":"https:\/\/arcgate.visitparainen.fi\/sv\/bra-att-veta\/#breadcrumb","itemListElement":[{"@type":"ListItem","position":1,"name":"Home","item":"https:\/\/arcgate.visitparainen.fi\/sv\/"},{"@type":"ListItem","position":2,"name":"Bra att veta"}]},{"@type":"WebSite","@id":"https:\/\/arcgate.visitparainen.fi\/en\/#website","url":"https:\/\/arcgate.visitparainen.fi\/en\/","name":"Arcgate","description":"","potentialAction":[{"@type":"SearchAction","target":{"@type":"EntryPoint","urlTemplate":"https:\/\/arcgate.visitparainen.fi\/en\/?s={search_term_string}"},"query-input":{"@type":"PropertyValueSpecification","valueRequired":true,"valueName":"search_term_string"}}],"inLanguage":"sv-SE"}]}},"uagb_featured_image_src":{"full":false,"thumbnail":false,"medium":false,"medium_large":false,"large":false,"1536x1536":false,"2048x2048":false,"post-thumbnail":false},"uagb_author_info":{"display_name":"Oskar Signell","author_link":"https:\/\/arcgate.visitparainen.fi\/sv\/author\/oskar\/"},"uagb_comment_info":0,"uagb_excerpt":null,"_links":{"self":[{"href":"https:\/\/arcgate.visitparainen.fi\/sv\/wp-json\/wp\/v2\/pages\/137","targetHints":{"allow":["GET"]}}],"collection":[{"href":"https:\/\/arcgate.visitparainen.fi\/sv\/wp-json\/wp\/v2\/pages"}],"about":[{"href":"https:\/\/arcgate.visitparainen.fi\/sv\/wp-json\/wp\/v2\/types\/page"}],"author":[{"embeddable":true,"href":"https:\/\/arcgate.visitparainen.fi\/sv\/wp-json\/wp\/v2\/users\/2"}],"replies":[{"embeddable":true,"href":"https:\/\/arcgate.visitparainen.fi\/sv\/wp-json\/wp\/v2\/comments?post=137"}],"version-history":[{"count":2,"href":"https:\/\/arcgate.visitparainen.fi\/sv\/wp-json\/wp\/v2\/pages\/137\/revisions"}],"predecessor-version":[{"id":507,"href":"https:\/\/arcgate.visitparainen.fi\/sv\/wp-json\/wp\/v2\/pages\/137\/revisions\/507"}],"wp:attachment":[{"href":"https:\/\/arcgate.visitparainen.fi\/sv\/wp-json\/wp\/v2\/media?parent=137"}],"curies":[{"name":"wp","href":"https:\/\/api.w.org\/{rel}","templated":true}]}}